{"id":98,"date":"2017-09-13T12:17:49","date_gmt":"2017-09-13T16:17:49","guid":{"rendered":"http:\/\/pmi-del.cebem.org\/?page_id=98"},"modified":"2019-04-30T19:58:48","modified_gmt":"2019-04-30T23:58:48","slug":"odesde-cbb-6-2-1","status":"publish","type":"page","link":"https:\/\/pmi-del.cebem.org\/?page_id=98","title":{"rendered":"Desde CBB: misi\u00f3n a TIMMIS"},"content":{"rendered":"\n<div class=\"wp-block-file\"><a href=\"https:\/\/pmi-del.cebem.org\/wp-content\/uploads\/2019\/04\/INFORME-MISION-VINTO-A-TIMMINS-1.pdf\">INFORME MISION VINTO A TIMMINS 1<\/a><a href=\"https:\/\/pmi-del.cebem.org\/wp-content\/uploads\/2019\/04\/INFORME-MISION-VINTO-A-TIMMINS-1.pdf\" class=\"wp-block-file__button\" download>Descargar<\/a><\/div>\n\n\n\n<p>Del noviembre al 02 de diciembre de 2017 nuestra delegaci\u00f3n del Gobierno Aut\u00f3nomo Municipal de Vinto viaj\u00f3, conjuntamente con un miembro de AMDECO, con el inter\u00e9s de realizar Intercambio de conocimientos y apoyo Interinstitucional al Gobierno Local de Timmins en Canad\u00e1. Estuvimos acompa\u00f1adas durante la visita por Khaterine Murillo Gerente de Programas, PMI-DEL (FCM) y Erik Meier, consultor y enlace para la misi\u00f3n e int\u00e9rprete. Juntos, nuestro rol consisti\u00f3 en:<\/p>\n\n\n\n<ul><li>Evaluar las condiciones de desarrollo econ\u00f3mico local inclusivo y comunitario en esta \u00e1rea.<\/li><li>Tener conocimiento pleno sobre la base de la experiencia de Timmins respecto al desarrollo econ\u00f3mico, particularmente en relaci\u00f3n a mujeres, j\u00f3venes y emprendedores.<\/li><li>Facilitar la selecci\u00f3n de un Proyecto de Demostraci\u00f3n en DEL adecuado y conjunto para alcanzar las metas de reducci\u00f3n de la pobreza, inserci\u00f3n laboral de j\u00f3venes y mujeres emprendedoras e incrementar el potencial de desarrollo econ\u00f3mico.<\/li><li>Conocer experiencias en Timmins sobre prendimientos, desarrollo de negocios, centros de formaci\u00f3n y desarrollo de capacidades.<\/li><\/ul>\n\n\n\n<hr class=\"wp-block-separator is-style-wide\"\/>\n\n\n\n<p style=\"text-align:center\"><strong>Informe Misi\u00f3n de Desarrollo Econ\u00f3mico Local de la Ciudad de Timmins, Ontario en Bolivia &#8211; Febrero 2019<\/strong><\/p>\n\n\n\n<p>Entre el 04 y el 08 de febrero de 2019 una delegaci\u00f3n de la Ciudad de Timmins, Canad\u00e1 viaj\u00f3 a Vinto, Bo-livia para participar en una misi\u00f3n de asistencia t\u00e9cnica, enfocada en el desarrollo de un \u201cpre-intake\u201d (cur-so) del Programa de Formaci\u00f3n en Capacidades de Negocios y Emprendimientos. El equipo de Timmins estuvo compuesto por Brittany Mohns, Especialista en Desarrollo de Negocios y Brenda Camirand, Di-rectora de Desarrollo y Retenci\u00f3n  Empresarial. El equipo boliviano del PMI lider\u00f3 la misi\u00f3n durante la semana impartiendo el curso de capacitaci\u00f3n, el cual fue contextualizado, adaptado y nacionalizado para este fin. El programa fue impartido por el siguiente grupo de personas: Luis Ferrufino, Consultor Experto en Desarrollo Empresarial y el equipo de t\u00e9cnicos municipales de Vinto, Fernando Lizarazu Butr\u00f3n, Shirley C\u00e9spedes Benavides, Christian Salguero y Erik Meier, Consultor Program\u00e1tico e int\u00e9rprete simultaneo para la FCM.<\/p>\n\n\n\n<div class=\"wp-block-file\"><a href=\"https:\/\/pmi-del.cebem.org\/wp-content\/uploads\/2019\/04\/Informe-de-MisionTimmins-to-Bolivia-Feb-2019-ESP.pdf\" target=\"_blank\" rel=\"noreferrer noopener\">Descargar el informe<\/a><a href=\"https:\/\/pmi-del.cebem.org\/wp-content\/uploads\/2019\/04\/Informe-de-MisionTimmins-to-Bolivia-Feb-2019-ESP.pdf\" class=\"wp-block-file__button\" download>Descarga<\/a><\/div>\n","protected":false},"excerpt":{"rendered":"<p>Del noviembre al 02 de diciembre de 2017 nuestra delegaci\u00f3n del Gobierno Aut\u00f3nomo Municipal de Vinto viaj\u00f3, conjuntamente con un miembro de AMDECO, con el inter\u00e9s de realizar Intercambio de conocimientos y apoyo Interinstitucional al Gobierno Local de Timmins en Canad\u00e1. Estuvimos acompa\u00f1adas durante la visita por Khaterine Murillo Gerente de Programas, PMI-DEL (FCM) y [&hellip;]<\/p>\n","protected":false},"author":2,"featured_media":0,"parent":95,"menu_order":0,"comment_status":"closed","ping_status":"closed","template":"","meta":[],"jetpack_sharing_enabled":true,"jetpack_shortlink":"https:\/\/wp.me\/P9d00R-1A","_links":{"self":[{"href":"https:\/\/pmi-del.cebem.org\/index.php?rest_route=\/wp\/v2\/pages\/98"}],"collection":[{"href":"https:\/\/pmi-del.cebem.org\/index.php?rest_route=\/wp\/v2\/pages"}],"about":[{"href":"https:\/\/pmi-del.cebem.org\/index.php?rest_route=\/wp\/v2\/types\/page"}],"author":[{"embeddable":true,"href":"https:\/\/pmi-del.cebem.org\/index.php?rest_route=\/wp\/v2\/users\/2"}],"replies":[{"embeddable":true,"href":"https:\/\/pmi-del.cebem.org\/index.php?rest_route=%2Fwp%2Fv2%2Fcomments&post=98"}],"version-history":[{"count":6,"href":"https:\/\/pmi-del.cebem.org\/index.php?rest_route=\/wp\/v2\/pages\/98\/revisions"}],"predecessor-version":[{"id":739,"href":"https:\/\/pmi-del.cebem.org\/index.php?rest_route=\/wp\/v2\/pages\/98\/revisions\/739"}],"up":[{"embeddable":true,"href":"https:\/\/pmi-del.cebem.org\/index.php?rest_route=\/wp\/v2\/pages\/95"}],"wp:attachment":[{"href":"https:\/\/pmi-del.cebem.org\/index.php?rest_route=%2Fwp%2Fv2%2Fmedia&parent=98"}],"curies":[{"name":"wp","href":"https:\/\/api.w.org\/{rel}","templated":true}]}}