{"id":83,"date":"2017-09-13T12:00:25","date_gmt":"2017-09-13T16:00:25","guid":{"rendered":"http:\/\/pmi-del.cebem.org\/?page_id=83"},"modified":"2017-10-03T22:40:23","modified_gmt":"2017-10-04T02:40:23","slug":"omunicipios-de-replica-en-scz-5-2-1","status":"publish","type":"page","link":"https:\/\/pmi-del.cebem.org\/?page_id=83","title":{"rendered":"Municipios de r\u00e9plica en SCZ"},"content":{"rendered":"<p>&nbsp;<\/p>\n<h2 style=\"text-align: center;\">Los cinco municipios del proyecto de demostraci\u00f3n<\/h2>\n<h4><img data-attachment-id=\"206\" data-permalink=\"https:\/\/pmi-del.cebem.org\/?attachment_id=206\" data-orig-file=\"https:\/\/i0.wp.com\/pmi-del.cebem.org\/wp-content\/uploads\/2017\/09\/M-Los-cinco.png?fit=1534%2C863&amp;ssl=1\" data-orig-size=\"1534,863\" data-comments-opened=\"1\" data-image-meta=\"{&quot;aperture&quot;:&quot;0&quot;,&quot;credit&quot;:&quot;&quot;,&quot;camera&quot;:&quot;&quot;,&quot;caption&quot;:&quot;&quot;,&quot;created_timestamp&quot;:&quot;0&quot;,&quot;copyright&quot;:&quot;&quot;,&quot;focal_length&quot;:&quot;0&quot;,&quot;iso&quot;:&quot;0&quot;,&quot;shutter_speed&quot;:&quot;0&quot;,&quot;title&quot;:&quot;&quot;,&quot;orientation&quot;:&quot;0&quot;}\" data-image-title=\"M-Los cinco\" data-image-description=\"\" data-image-caption=\"\" data-medium-file=\"https:\/\/i0.wp.com\/pmi-del.cebem.org\/wp-content\/uploads\/2017\/09\/M-Los-cinco.png?fit=300%2C169&amp;ssl=1\" data-large-file=\"https:\/\/i0.wp.com\/pmi-del.cebem.org\/wp-content\/uploads\/2017\/09\/M-Los-cinco.png?fit=750%2C422&amp;ssl=1\" loading=\"lazy\" class=\"wp-image-206 size-large aligncenter\" src=\"https:\/\/i0.wp.com\/pmi-del.cebem.org\/wp-content\/uploads\/2017\/09\/M-Los-cinco.png?resize=640%2C360&#038;ssl=1\" alt=\"\" width=\"640\" height=\"360\" srcset=\"https:\/\/i0.wp.com\/pmi-del.cebem.org\/wp-content\/uploads\/2017\/09\/M-Los-cinco.png?resize=1024%2C576&amp;ssl=1 1024w, https:\/\/i0.wp.com\/pmi-del.cebem.org\/wp-content\/uploads\/2017\/09\/M-Los-cinco.png?resize=300%2C169&amp;ssl=1 300w, https:\/\/i0.wp.com\/pmi-del.cebem.org\/wp-content\/uploads\/2017\/09\/M-Los-cinco.png?resize=768%2C432&amp;ssl=1 768w, https:\/\/i0.wp.com\/pmi-del.cebem.org\/wp-content\/uploads\/2017\/09\/M-Los-cinco.png?w=1534&amp;ssl=1 1534w\" sizes=\"(max-width: 640px) 100vw, 640px\" data-recalc-dims=\"1\" \/><\/h4>\n<p>&nbsp;<\/p>\n<p><a href=\"https:\/\/provinciachiquitos.wordpress.com\/municipio-de-pailon\/\"><strong>Pailon<\/strong><\/a><\/p>\n<p>&nbsp;<\/p>\n<p><img class=\"alignleft\" src=\"https:\/\/encrypted-tbn0.gstatic.com\/images?q=tbn:ANd9GcS8zfz954Ab6yA6-8Gofn8Upq2POa-djmvgfvIcE55Hadch_HLD\" alt=\"Resultado de imagen de pailon santa cruz\" \/><img data-attachment-id=\"217\" data-permalink=\"https:\/\/pmi-del.cebem.org\/?attachment_id=217\" data-orig-file=\"https:\/\/i0.wp.com\/pmi-del.cebem.org\/wp-content\/uploads\/2017\/09\/Pailon-1.png?fit=1581%2C915&amp;ssl=1\" data-orig-size=\"1581,915\" data-comments-opened=\"1\" data-image-meta=\"{&quot;aperture&quot;:&quot;0&quot;,&quot;credit&quot;:&quot;&quot;,&quot;camera&quot;:&quot;&quot;,&quot;caption&quot;:&quot;&quot;,&quot;created_timestamp&quot;:&quot;0&quot;,&quot;copyright&quot;:&quot;&quot;,&quot;focal_length&quot;:&quot;0&quot;,&quot;iso&quot;:&quot;0&quot;,&quot;shutter_speed&quot;:&quot;0&quot;,&quot;title&quot;:&quot;&quot;,&quot;orientation&quot;:&quot;0&quot;}\" data-image-title=\"&#8211;Pailon\" data-image-description=\"\" data-image-caption=\"\" data-medium-file=\"https:\/\/i0.wp.com\/pmi-del.cebem.org\/wp-content\/uploads\/2017\/09\/Pailon-1.png?fit=300%2C174&amp;ssl=1\" data-large-file=\"https:\/\/i0.wp.com\/pmi-del.cebem.org\/wp-content\/uploads\/2017\/09\/Pailon-1.png?fit=750%2C434&amp;ssl=1\" loading=\"lazy\" class=\"wp-image-217 aligncenter\" src=\"https:\/\/i0.wp.com\/pmi-del.cebem.org\/wp-content\/uploads\/2017\/09\/Pailon-1.png?resize=426%2C247&#038;ssl=1\" alt=\"\" width=\"426\" height=\"247\" srcset=\"https:\/\/i0.wp.com\/pmi-del.cebem.org\/wp-content\/uploads\/2017\/09\/Pailon-1.png?resize=1024%2C593&amp;ssl=1 1024w, https:\/\/i0.wp.com\/pmi-del.cebem.org\/wp-content\/uploads\/2017\/09\/Pailon-1.png?resize=300%2C174&amp;ssl=1 300w, https:\/\/i0.wp.com\/pmi-del.cebem.org\/wp-content\/uploads\/2017\/09\/Pailon-1.png?resize=768%2C444&amp;ssl=1 768w, https:\/\/i0.wp.com\/pmi-del.cebem.org\/wp-content\/uploads\/2017\/09\/Pailon-1.png?w=1581&amp;ssl=1 1581w, https:\/\/i0.wp.com\/pmi-del.cebem.org\/wp-content\/uploads\/2017\/09\/Pailon-1.png?w=1500&amp;ssl=1 1500w\" sizes=\"(max-width: 426px) 100vw, 426px\" data-recalc-dims=\"1\" \/><\/p>\n<p>&nbsp;<\/p>\n<p><a href=\"https:\/\/provinciachiquitos.wordpress.com\/municipio-de-pailon\/\">\u00abEl municipio de Pail\u00f3n <\/a>es la segunda secci\u00f3n municipal de la Provincia Chiquitos y est\u00e1 ubicado a una distancia de 51 Km. al este de la ciudad de Santa Cruz de la Sierra. Est\u00e1 influenciado por tres v\u00edas camineras: la carretera interdepartamental Santa Cruz \u2013 Beni, hacia el norte, la transcontinental que une Santa Cruz \u2013 Puerto Su\u00e1rez y la v\u00eda f\u00e9rrea Santa Cruz- Puerto Su\u00e1rez, hacia el este.<\/p>\n<p>El municipio tiene una extensi\u00f3n territorial de 10.155 Km\u00b2. Limita al norte con la Provincia \u00d1uflo de Ch\u00e1vez, al sur con la Provincia Cordillera, al este con el municipio de San Jos\u00e9 de Chiquitos y al oeste con la Provincia Andr\u00e9s Ib\u00e1\u00f1ez, a trav\u00e9s del R\u00edo Grande.\u00a0\u00a0<!--more--><\/p>\n<p>En el municipio existen cinco cantones (Pail\u00f3n, Ca\u00f1ada Larga, Tres Cruces, Pozo del Tigre y Cerro Concepci\u00f3n). Existen 20 comunidades en total, contando la zona urbana de Pail\u00f3n.\u00a0La poblaci\u00f3n del municipio, asentada a lo largo de la v\u00eda f\u00e9rrea es b\u00e1sicamente de origen chiquitano; existiendo tambi\u00e9n comunidades formadas por pobladores de los valles cruce\u00f1os y colonos procedentes de otros departamentos del pa\u00eds (Chuquisaca y Potos\u00ed, principalmente).<\/p>\n<p>En el municipio hay tres comunidades ind\u00edgenas ayoreas (Poza Verde, Guiday Chai y Puesto Paz) y 11 colonias menonitas.\u00a0La base econ\u00f3mica del municipio es la agricultura (centrada en la producci\u00f3n de soya, ma\u00edz, sorgo, algod\u00f3n, girasol, trigo, s\u00e9samo, fr\u00e9jol y otros) y, la ganader\u00eda principalmente (extensiva e intensiva) de engorde, en constante crecimiento.\u00a0\u00a0En las inmediaciones del \u00e1rea urbana se han instalado infraestructuras de importantes empresas de almacenamiento de grano. Esta ubicaci\u00f3n obedece a una l\u00f3gica de exportaci\u00f3n por el f\u00e1cil acceso al ferrocarril y el uso de la carretera asfaltada, convirtiendo a la zona en un centro de desarrollo agroindustrial.<\/p>\n<p>A pesar de las condiciones climatol\u00f3gicas adversas y de una coyuntura de precios internacionales fluctuantes y desfavorables, la actividad agr\u00edcola tiene un comportamiento regular, con la soya y el girasol como productos m\u00e1s importantes. Toda la producci\u00f3n es adquirida por las empresas de almacenamiento de granos de la zona. Los caminos vecinales dificultan el transporte de los productos hasta los centros de destino, sobre todo en la \u00e9poca de lluvias.<\/p>\n<p>En Pail\u00f3n se practica la caza de animales silvestres de forma intensiva por parte de los comunarios y de visitantes de Santa Cruz. Esto hace que cada vez sea m\u00e1s dif\u00edcil encontrar animales silvestres como el tat\u00fa, el jochi, el anta y la urina. Tambi\u00e9n se practica la pesca de s\u00e1balo y de pescado amarillo en las riberas del r\u00edo Grande como medio de vida para las comunidades cercanas al r\u00edo.<\/p>\n<p>La artesan\u00eda supone un complemento a los ingresos familiares. Los pobladores chiquitanos tejen hamacas y bolsones, mientras que en las comunidades ayoreas la mujer teje bolsones y \u201cchipas\u201d (bolsos) de garabat\u00e1 y el hombre fabrica\u00a0\u00a0arcos y flechas y tallados de madera.<\/p>\n<p>El municipio no tiene enclaves tur\u00edsticos desarrollados. Un paraje natural de inter\u00e9s es la Laguna Concepci\u00f3n, espacio declarado sitio Ramsar. Debido a problemas ambientales y de gesti\u00f3n, el espejo de agua de la laguna se ha reducido considerablemente en los \u00faltimos a\u00f1os, llegando incluso a secarse.\u00a0Actualmente el Gobierno Municipal ha realizado gestiones para protecci\u00f3n y recuperaci\u00f3n de la laguna y las especies asociadas a ella.<\/p>\n<p>En el municipio existen aproximadamente 28 Organizaciones de Base que representan a la poblaci\u00f3n rural y urbana. Adem\u00e1s, existen otras organizaciones sociales, productivas y econ\u00f3micas que constituyen el tejido asociativo del municipio. Entre ellas destacan, el Comit\u00e9 C\u00edvico, las Fraternidades, Clubes de Madres, Sindicato de Transporte, Asociaci\u00f3n de Ganaderos de Pail\u00f3n (ASOGAPA) y Asociaci\u00f3n de Artesanas \u201cArte Pail\u00f3n\u201d.\u00bb<\/p>\n<p>&nbsp;<\/p>\n<h2 style=\"text-align: center;\">Santa Rosa de Sara<\/h2>\n<p><img data-attachment-id=\"212\" data-permalink=\"https:\/\/pmi-del.cebem.org\/?attachment_id=212\" data-orig-file=\"https:\/\/i0.wp.com\/pmi-del.cebem.org\/wp-content\/uploads\/2017\/09\/M-Santa-Rosa.png?fit=1571%2C916&amp;ssl=1\" data-orig-size=\"1571,916\" data-comments-opened=\"1\" data-image-meta=\"{&quot;aperture&quot;:&quot;0&quot;,&quot;credit&quot;:&quot;&quot;,&quot;camera&quot;:&quot;&quot;,&quot;caption&quot;:&quot;&quot;,&quot;created_timestamp&quot;:&quot;0&quot;,&quot;copyright&quot;:&quot;&quot;,&quot;focal_length&quot;:&quot;0&quot;,&quot;iso&quot;:&quot;0&quot;,&quot;shutter_speed&quot;:&quot;0&quot;,&quot;title&quot;:&quot;&quot;,&quot;orientation&quot;:&quot;0&quot;}\" data-image-title=\"M-Santa Rosa\" data-image-description=\"\" data-image-caption=\"\" data-medium-file=\"https:\/\/i0.wp.com\/pmi-del.cebem.org\/wp-content\/uploads\/2017\/09\/M-Santa-Rosa.png?fit=300%2C175&amp;ssl=1\" data-large-file=\"https:\/\/i0.wp.com\/pmi-del.cebem.org\/wp-content\/uploads\/2017\/09\/M-Santa-Rosa.png?fit=750%2C437&amp;ssl=1\" loading=\"lazy\" class=\"wp-image-212 size-large aligncenter\" src=\"https:\/\/i0.wp.com\/pmi-del.cebem.org\/wp-content\/uploads\/2017\/09\/M-Santa-Rosa.png?resize=640%2C373&#038;ssl=1\" alt=\"\" width=\"640\" height=\"373\" srcset=\"https:\/\/i0.wp.com\/pmi-del.cebem.org\/wp-content\/uploads\/2017\/09\/M-Santa-Rosa.png?resize=1024%2C597&amp;ssl=1 1024w, https:\/\/i0.wp.com\/pmi-del.cebem.org\/wp-content\/uploads\/2017\/09\/M-Santa-Rosa.png?resize=300%2C175&amp;ssl=1 300w, https:\/\/i0.wp.com\/pmi-del.cebem.org\/wp-content\/uploads\/2017\/09\/M-Santa-Rosa.png?resize=768%2C448&amp;ssl=1 768w, https:\/\/i0.wp.com\/pmi-del.cebem.org\/wp-content\/uploads\/2017\/09\/M-Santa-Rosa.png?w=1571&amp;ssl=1 1571w, https:\/\/i0.wp.com\/pmi-del.cebem.org\/wp-content\/uploads\/2017\/09\/M-Santa-Rosa.png?w=1500&amp;ssl=1 1500w\" sizes=\"(max-width: 640px) 100vw, 640px\" data-recalc-dims=\"1\" \/><\/p>\n<p>&nbsp;<\/p>\n<h2 style=\"text-align: center;\"><strong>Saipina<\/strong><\/h2>\n<p><img data-attachment-id=\"208\" data-permalink=\"https:\/\/pmi-del.cebem.org\/?attachment_id=208\" data-orig-file=\"https:\/\/i0.wp.com\/pmi-del.cebem.org\/wp-content\/uploads\/2017\/09\/M-Saipina.png?fit=1589%2C893&amp;ssl=1\" data-orig-size=\"1589,893\" data-comments-opened=\"1\" data-image-meta=\"{&quot;aperture&quot;:&quot;0&quot;,&quot;credit&quot;:&quot;&quot;,&quot;camera&quot;:&quot;&quot;,&quot;caption&quot;:&quot;&quot;,&quot;created_timestamp&quot;:&quot;0&quot;,&quot;copyright&quot;:&quot;&quot;,&quot;focal_length&quot;:&quot;0&quot;,&quot;iso&quot;:&quot;0&quot;,&quot;shutter_speed&quot;:&quot;0&quot;,&quot;title&quot;:&quot;&quot;,&quot;orientation&quot;:&quot;0&quot;}\" data-image-title=\"M-Saipina\" data-image-description=\"\" data-image-caption=\"\" data-medium-file=\"https:\/\/i0.wp.com\/pmi-del.cebem.org\/wp-content\/uploads\/2017\/09\/M-Saipina.png?fit=300%2C169&amp;ssl=1\" data-large-file=\"https:\/\/i0.wp.com\/pmi-del.cebem.org\/wp-content\/uploads\/2017\/09\/M-Saipina.png?fit=750%2C421&amp;ssl=1\" loading=\"lazy\" class=\"wp-image-208 size-large aligncenter\" src=\"https:\/\/i0.wp.com\/pmi-del.cebem.org\/wp-content\/uploads\/2017\/09\/M-Saipina.png?resize=640%2C359&#038;ssl=1\" alt=\"\" width=\"640\" height=\"359\" srcset=\"https:\/\/i0.wp.com\/pmi-del.cebem.org\/wp-content\/uploads\/2017\/09\/M-Saipina.png?resize=1024%2C575&amp;ssl=1 1024w, https:\/\/i0.wp.com\/pmi-del.cebem.org\/wp-content\/uploads\/2017\/09\/M-Saipina.png?resize=300%2C169&amp;ssl=1 300w, https:\/\/i0.wp.com\/pmi-del.cebem.org\/wp-content\/uploads\/2017\/09\/M-Saipina.png?resize=768%2C432&amp;ssl=1 768w, https:\/\/i0.wp.com\/pmi-del.cebem.org\/wp-content\/uploads\/2017\/09\/M-Saipina.png?w=1589&amp;ssl=1 1589w, https:\/\/i0.wp.com\/pmi-del.cebem.org\/wp-content\/uploads\/2017\/09\/M-Saipina.png?w=1500&amp;ssl=1 1500w\" sizes=\"(max-width: 640px) 100vw, 640px\" data-recalc-dims=\"1\" \/><\/p>\n<p>&nbsp;<\/p>\n<h2 style=\"text-align: center;\"><strong>Comarapa<\/strong><\/h2>\n<p><img data-attachment-id=\"209\" data-permalink=\"https:\/\/pmi-del.cebem.org\/?attachment_id=209\" data-orig-file=\"https:\/\/i0.wp.com\/pmi-del.cebem.org\/wp-content\/uploads\/2017\/09\/M-Comarapa.png?fit=1592%2C895&amp;ssl=1\" data-orig-size=\"1592,895\" data-comments-opened=\"1\" data-image-meta=\"{&quot;aperture&quot;:&quot;0&quot;,&quot;credit&quot;:&quot;&quot;,&quot;camera&quot;:&quot;&quot;,&quot;caption&quot;:&quot;&quot;,&quot;created_timestamp&quot;:&quot;0&quot;,&quot;copyright&quot;:&quot;&quot;,&quot;focal_length&quot;:&quot;0&quot;,&quot;iso&quot;:&quot;0&quot;,&quot;shutter_speed&quot;:&quot;0&quot;,&quot;title&quot;:&quot;&quot;,&quot;orientation&quot;:&quot;0&quot;}\" data-image-title=\"M-Comarapa\" data-image-description=\"\" data-image-caption=\"\" data-medium-file=\"https:\/\/i0.wp.com\/pmi-del.cebem.org\/wp-content\/uploads\/2017\/09\/M-Comarapa.png?fit=300%2C169&amp;ssl=1\" data-large-file=\"https:\/\/i0.wp.com\/pmi-del.cebem.org\/wp-content\/uploads\/2017\/09\/M-Comarapa.png?fit=750%2C422&amp;ssl=1\" loading=\"lazy\" class=\"wp-image-209 size-large aligncenter\" src=\"https:\/\/i0.wp.com\/pmi-del.cebem.org\/wp-content\/uploads\/2017\/09\/M-Comarapa.png?resize=640%2C360&#038;ssl=1\" alt=\"\" width=\"640\" height=\"360\" srcset=\"https:\/\/i0.wp.com\/pmi-del.cebem.org\/wp-content\/uploads\/2017\/09\/M-Comarapa.png?resize=1024%2C576&amp;ssl=1 1024w, https:\/\/i0.wp.com\/pmi-del.cebem.org\/wp-content\/uploads\/2017\/09\/M-Comarapa.png?resize=300%2C169&amp;ssl=1 300w, https:\/\/i0.wp.com\/pmi-del.cebem.org\/wp-content\/uploads\/2017\/09\/M-Comarapa.png?resize=768%2C432&amp;ssl=1 768w, https:\/\/i0.wp.com\/pmi-del.cebem.org\/wp-content\/uploads\/2017\/09\/M-Comarapa.png?w=1592&amp;ssl=1 1592w, https:\/\/i0.wp.com\/pmi-del.cebem.org\/wp-content\/uploads\/2017\/09\/M-Comarapa.png?w=1500&amp;ssl=1 1500w\" sizes=\"(max-width: 640px) 100vw, 640px\" data-recalc-dims=\"1\" \/><\/p>\n<p>&nbsp;<\/p>\n<p>&nbsp;<\/p>\n","protected":false},"excerpt":{"rendered":"<p>&nbsp; Los cinco municipios del proyecto de demostraci\u00f3n &nbsp; Pailon &nbsp; &nbsp; \u00abEl municipio de Pail\u00f3n es la segunda secci\u00f3n municipal de la Provincia Chiquitos y est\u00e1 ubicado a una distancia de 51 Km. al este de la ciudad de Santa Cruz de la Sierra. Est\u00e1 influenciado por tres v\u00edas camineras: la carretera interdepartamental Santa [&hellip;]<\/p>\n","protected":false},"author":2,"featured_media":0,"parent":75,"menu_order":0,"comment_status":"closed","ping_status":"closed","template":"","meta":[],"jetpack_sharing_enabled":true,"jetpack_shortlink":"https:\/\/wp.me\/P9d00R-1l","_links":{"self":[{"href":"https:\/\/pmi-del.cebem.org\/index.php?rest_route=\/wp\/v2\/pages\/83"}],"collection":[{"href":"https:\/\/pmi-del.cebem.org\/index.php?rest_route=\/wp\/v2\/pages"}],"about":[{"href":"https:\/\/pmi-del.cebem.org\/index.php?rest_route=\/wp\/v2\/types\/page"}],"author":[{"embeddable":true,"href":"https:\/\/pmi-del.cebem.org\/index.php?rest_route=\/wp\/v2\/users\/2"}],"replies":[{"embeddable":true,"href":"https:\/\/pmi-del.cebem.org\/index.php?rest_route=%2Fwp%2Fv2%2Fcomments&post=83"}],"version-history":[{"count":3,"href":"https:\/\/pmi-del.cebem.org\/index.php?rest_route=\/wp\/v2\/pages\/83\/revisions"}],"predecessor-version":[{"id":421,"href":"https:\/\/pmi-del.cebem.org\/index.php?rest_route=\/wp\/v2\/pages\/83\/revisions\/421"}],"up":[{"embeddable":true,"href":"https:\/\/pmi-del.cebem.org\/index.php?rest_route=\/wp\/v2\/pages\/75"}],"wp:attachment":[{"href":"https:\/\/pmi-del.cebem.org\/index.php?rest_route=%2Fwp%2Fv2%2Fmedia&parent=83"}],"curies":[{"name":"wp","href":"https:\/\/api.w.org\/{rel}","templated":true}]}}