{"id":64,"date":"2017-09-13T11:49:21","date_gmt":"2017-09-13T15:49:21","guid":{"rendered":"http:\/\/pmi-del.cebem.org\/?page_id=64"},"modified":"2017-09-25T19:45:59","modified_gmt":"2017-09-25T23:45:59","slug":"el-programa-3","status":"publish","type":"page","link":"https:\/\/pmi-del.cebem.org\/?page_id=64","title":{"rendered":"El Programa"},"content":{"rendered":"<p>Posteriormente se presentan los Resultados Finales, Resultados Intermedios, Resultados Inmediatos, productos y actividades est\u00e1n estrechamente enlazados para obtener los objetivos esperados dentro del programa.<\/p>\n<p><strong>En 2016 se llev\u00f3 a cabo una consulta con instituciones estatales, del asociativismo, municipales y de la sociedad civil en la que se decidi\u00f3 un plan de acci\u00f3n para la formulaci\u00f3n del Programa.\u00a0<\/strong><\/p>\n<p><strong>Tras una compatibilizaci\u00f3n con propuestas similares de otros pa\u00edses se definieron programas por pa\u00eds.\u00a0 En el caso de Bolivia e<\/strong><strong>l PMI-DEL contempla ejes tem\u00e1ticos<\/strong>, en el caso de Bolivia consiste en dos componentes o tem\u00e1ticas dirigidos al fomento de la \u201cprosperidad econ\u00f3mica\u201d en el \u00e1mbito local y al continuo fortalecimiento de las capacidades del Sistema Asociativo Municipal (SAM) conformado por la Federaci\u00f3n de Asociaciones Departamentales de Bolivia (FAM) y las Asociaciones Departamentales (asociaciones de gobiernos locales &#8211; AGL), m\u00e1s la de ciudades grandes (Asociaci\u00f3n de Municipios de Bolivia &#8211; AMB) y la Asociaci\u00f3n de Concejalas de Bolivia (ACOBOL) para dirigir el desarrollo econ\u00f3mico local (DEL) dentro de sus municipios miembros. Otros dos componentes se centrar\u00e1n en la \u201cDifusi\u00f3n y participaci\u00f3n\u201d y tendr\u00e1n por finalidad promover una participaci\u00f3n canadiense, regional e internacional de los socios en Canad\u00e1 y en el extranjero.<!--more--><\/p>\n<p><strong>\u00a0<\/strong>El SAM Bolivia y el CEBEM contribuir\u00e1n al Grupo Global de Contrapartes (GGC) mediante participaci\u00f3n en reuniones, revisi\u00f3n de la documentaci\u00f3n, aporte de insumos y retroalimentaci\u00f3n sobre pol\u00edticas p\u00fablicas, entre otros. Durante la implementaci\u00f3n del programa se podr\u00e1n compartir las experiencias que se vayan produciendo en el \u00e1mbito nacional y local, para generar conocimientos y herramientas valiosas para la retroalimentaci\u00f3n en el mejoramiento de procesos de atenci\u00f3n municipal y de generaci\u00f3n econ\u00f3micas locales emergentes, innovaci\u00f3n tecnol\u00f3gica, emprendimientos, comercio, inversi\u00f3n, entre otras.<\/p>\n<p><strong>\u00a0<\/strong>Sobre seguimiento y evaluaci\u00f3n (S&amp;E), se presenta el plan que se tiene con el SAM, el CEBEM y la Coordinaci\u00f3n Nacional del PMI-DEL en Bolivia, para monitorear y presentar informes sobre los avances y diferentes planes de trabajo durante la implementaci\u00f3n del programa y sobre c\u00f3mo se van a involucrar los diferentes actores.<\/p>\n<p><strong>\u00a0<\/strong><\/p>\n<p><strong>\u00a0<\/strong><\/p>\n","protected":false},"excerpt":{"rendered":"<p>Posteriormente se presentan los Resultados Finales, Resultados Intermedios, Resultados Inmediatos, productos y actividades est\u00e1n estrechamente enlazados para obtener los objetivos esperados dentro del programa. En 2016 se llev\u00f3 a cabo una consulta con instituciones estatales, del asociativismo, municipales y de la sociedad civil en la que se decidi\u00f3 un plan de acci\u00f3n para la formulaci\u00f3n [&hellip;]<\/p>\n","protected":false},"author":2,"featured_media":0,"parent":0,"menu_order":3,"comment_status":"closed","ping_status":"closed","template":"","meta":[],"jetpack_sharing_enabled":true,"jetpack_shortlink":"https:\/\/wp.me\/P9d00R-12","_links":{"self":[{"href":"https:\/\/pmi-del.cebem.org\/index.php?rest_route=\/wp\/v2\/pages\/64"}],"collection":[{"href":"https:\/\/pmi-del.cebem.org\/index.php?rest_route=\/wp\/v2\/pages"}],"about":[{"href":"https:\/\/pmi-del.cebem.org\/index.php?rest_route=\/wp\/v2\/types\/page"}],"author":[{"embeddable":true,"href":"https:\/\/pmi-del.cebem.org\/index.php?rest_route=\/wp\/v2\/users\/2"}],"replies":[{"embeddable":true,"href":"https:\/\/pmi-del.cebem.org\/index.php?rest_route=%2Fwp%2Fv2%2Fcomments&post=64"}],"version-history":[{"count":11,"href":"https:\/\/pmi-del.cebem.org\/index.php?rest_route=\/wp\/v2\/pages\/64\/revisions"}],"predecessor-version":[{"id":321,"href":"https:\/\/pmi-del.cebem.org\/index.php?rest_route=\/wp\/v2\/pages\/64\/revisions\/321"}],"wp:attachment":[{"href":"https:\/\/pmi-del.cebem.org\/index.php?rest_route=%2Fwp%2Fv2%2Fmedia&parent=64"}],"curies":[{"name":"wp","href":"https:\/\/api.w.org\/{rel}","templated":true}]}}