{"id":19,"date":"2017-09-08T12:08:14","date_gmt":"2017-09-08T16:08:14","guid":{"rendered":"http:\/\/pmi-del.cebem.org\/?page_id=19"},"modified":"2019-03-27T10:46:21","modified_gmt":"2019-03-27T14:46:21","slug":"cochabamba","status":"publish","type":"page","link":"https:\/\/pmi-del.cebem.org\/?page_id=19","title":{"rendered":"Municipios en Bolivia"},"content":{"rendered":"\n<div class=\"wp-container-3 wp-block-columns has-2-columns\">\n<div class=\"wp-container-1 wp-block-column\">\n<h2>Vinto<\/h2>\n\n\n\n<div class=\"wp-block-image\"><figure class=\"aligncenter\"><img data-attachment-id=\"642\" data-permalink=\"https:\/\/pmi-del.cebem.org\/?attachment_id=642\" data-orig-file=\"https:\/\/i0.wp.com\/pmi-del.cebem.org\/wp-content\/uploads\/2019\/03\/p19a.jpg?fit=200%2C251&amp;ssl=1\" data-orig-size=\"200,251\" data-comments-opened=\"1\" data-image-meta=\"{&quot;aperture&quot;:&quot;0&quot;,&quot;credit&quot;:&quot;&quot;,&quot;camera&quot;:&quot;&quot;,&quot;caption&quot;:&quot;&quot;,&quot;created_timestamp&quot;:&quot;0&quot;,&quot;copyright&quot;:&quot;&quot;,&quot;focal_length&quot;:&quot;0&quot;,&quot;iso&quot;:&quot;0&quot;,&quot;shutter_speed&quot;:&quot;0&quot;,&quot;title&quot;:&quot;&quot;,&quot;orientation&quot;:&quot;0&quot;}\" data-image-title=\"p19a\" data-image-description=\"\" data-image-caption=\"\" data-medium-file=\"https:\/\/i0.wp.com\/pmi-del.cebem.org\/wp-content\/uploads\/2019\/03\/p19a.jpg?fit=200%2C251&amp;ssl=1\" data-large-file=\"https:\/\/i0.wp.com\/pmi-del.cebem.org\/wp-content\/uploads\/2019\/03\/p19a.jpg?fit=200%2C251&amp;ssl=1\" loading=\"lazy\" width=\"200\" height=\"251\" src=\"https:\/\/i0.wp.com\/pmi-del.cebem.org\/wp-content\/uploads\/2019\/03\/p19a.jpg?resize=200%2C251&#038;ssl=1\" alt=\"\" class=\"wp-image-642\" data-recalc-dims=\"1\"\/><\/figure><\/div>\n\n\n\n<p>En acuerdo con la AMDECO se estableci\u00f3 que el municipio de <a rel=\"noreferrer noopener\" aria-label=\"Vinto (opens in a new tab)\" href=\"http:\/\/www.miplataforma.gob.bo\/es\/control-social\/entidad\/51\/1\" target=\"_blank\">Vinto<\/a> se constituya en cabeza del programa de demostraci\u00f3n, el mismo que compartir\u00e1 sus lecciones y varias actividades a definir con los municipios de <a rel=\"noreferrer noopener\" aria-label=\" (opens in a new tab)\" href=\"https:\/\/www.facebook.com\/GAMMizquee\/\" target=\"_blank\">Mizque<\/a>, <a href=\"https:\/\/www.facebook.com\/Gobierno-Municipal-de-Omereque-398550470500580\/\" target=\"_blank\" rel=\"noreferrer noopener\" aria-label=\" (opens in a new tab)\">Omereque<\/a> y <a rel=\"noreferrer noopener\" aria-label=\" (opens in a new tab)\" href=\"https:\/\/www.facebook.com\/gampunata\/\" target=\"_blank\">Punata<\/a>.\u00a0<\/p>\n<\/div>\n\n\n\n<div class=\"wp-container-2 wp-block-column\">\n<h2>Pail\u00f3n<\/h2>\n\n\n\n<div class=\"wp-block-image\"><figure class=\"aligncenter\"><img data-attachment-id=\"643\" data-permalink=\"https:\/\/pmi-del.cebem.org\/?attachment_id=643\" data-orig-file=\"https:\/\/i0.wp.com\/pmi-del.cebem.org\/wp-content\/uploads\/2019\/03\/pmi-p19a.jpg?fit=200%2C259&amp;ssl=1\" data-orig-size=\"200,259\" data-comments-opened=\"1\" data-image-meta=\"{&quot;aperture&quot;:&quot;0&quot;,&quot;credit&quot;:&quot;&quot;,&quot;camera&quot;:&quot;&quot;,&quot;caption&quot;:&quot;&quot;,&quot;created_timestamp&quot;:&quot;0&quot;,&quot;copyright&quot;:&quot;&quot;,&quot;focal_length&quot;:&quot;0&quot;,&quot;iso&quot;:&quot;0&quot;,&quot;shutter_speed&quot;:&quot;0&quot;,&quot;title&quot;:&quot;&quot;,&quot;orientation&quot;:&quot;0&quot;}\" data-image-title=\"pmi-p19a\" data-image-description=\"\" data-image-caption=\"\" data-medium-file=\"https:\/\/i0.wp.com\/pmi-del.cebem.org\/wp-content\/uploads\/2019\/03\/pmi-p19a.jpg?fit=200%2C259&amp;ssl=1\" data-large-file=\"https:\/\/i0.wp.com\/pmi-del.cebem.org\/wp-content\/uploads\/2019\/03\/pmi-p19a.jpg?fit=200%2C259&amp;ssl=1\" loading=\"lazy\" width=\"200\" height=\"259\" src=\"https:\/\/i0.wp.com\/pmi-del.cebem.org\/wp-content\/uploads\/2019\/03\/pmi-p19a.jpg?resize=200%2C259&#038;ssl=1\" alt=\"\" class=\"wp-image-643\" data-recalc-dims=\"1\"\/><\/figure><\/div>\n\n\n\n<div class=\"wp-block-file alignright\"><a href=\"https:\/\/pmi-del.cebem.org\/wp-content\/uploads\/2019\/03\/pmi-p19a.pdf\" target=\"_blank\" rel=\"noreferrer noopener\">Perfil  del Municipio de Pail\u00f3n (PDF, 1.55 MB) <\/a><a href=\"https:\/\/pmi-del.cebem.org\/wp-content\/uploads\/2019\/03\/pmi-p19a.pdf\" class=\"wp-block-file__button\" download>Descargar<\/a><\/div>\n<\/div>\n<\/div>\n","protected":false},"excerpt":{"rendered":"<p>Vinto En acuerdo con la AMDECO se estableci\u00f3 que el municipio de Vinto se constituya en cabeza del programa de demostraci\u00f3n, el mismo que compartir\u00e1 sus lecciones y varias actividades a definir con los municipios de Mizque, Omereque y Punata.\u00a0 Pail\u00f3n<\/p>\n","protected":false},"author":5,"featured_media":0,"parent":17,"menu_order":1,"comment_status":"closed","ping_status":"closed","template":"","meta":[],"jetpack_sharing_enabled":true,"jetpack_shortlink":"https:\/\/wp.me\/P9d00R-j","_links":{"self":[{"href":"https:\/\/pmi-del.cebem.org\/index.php?rest_route=\/wp\/v2\/pages\/19"}],"collection":[{"href":"https:\/\/pmi-del.cebem.org\/index.php?rest_route=\/wp\/v2\/pages"}],"about":[{"href":"https:\/\/pmi-del.cebem.org\/index.php?rest_route=\/wp\/v2\/types\/page"}],"author":[{"embeddable":true,"href":"https:\/\/pmi-del.cebem.org\/index.php?rest_route=\/wp\/v2\/users\/5"}],"replies":[{"embeddable":true,"href":"https:\/\/pmi-del.cebem.org\/index.php?rest_route=%2Fwp%2Fv2%2Fcomments&post=19"}],"version-history":[{"count":18,"href":"https:\/\/pmi-del.cebem.org\/index.php?rest_route=\/wp\/v2\/pages\/19\/revisions"}],"predecessor-version":[{"id":647,"href":"https:\/\/pmi-del.cebem.org\/index.php?rest_route=\/wp\/v2\/pages\/19\/revisions\/647"}],"up":[{"embeddable":true,"href":"https:\/\/pmi-del.cebem.org\/index.php?rest_route=\/wp\/v2\/pages\/17"}],"wp:attachment":[{"href":"https:\/\/pmi-del.cebem.org\/index.php?rest_route=%2Fwp%2Fv2%2Fmedia&parent=19"}],"curies":[{"name":"wp","href":"https:\/\/api.w.org\/{rel}","templated":true}]}}