{"id":118,"date":"2017-09-13T18:54:22","date_gmt":"2017-09-13T22:54:22","guid":{"rendered":"http:\/\/pmi-del.cebem.org\/?page_id=118"},"modified":"2017-10-04T16:40:13","modified_gmt":"2017-10-04T20:40:13","slug":"en-canada","status":"publish","type":"page","link":"https:\/\/pmi-del.cebem.org\/?page_id=118","title":{"rendered":"En Canad\u00e1"},"content":{"rendered":"<h3 style=\"text-align: center;\"><strong>Los municipios partners en Canad\u00e1\u00a0son Timmins y Truro<\/strong><\/h3>\n<p>&nbsp;<\/p>\n<p><img data-attachment-id=\"406\" data-permalink=\"https:\/\/pmi-del.cebem.org\/?attachment_id=406\" data-orig-file=\"https:\/\/i0.wp.com\/pmi-del.cebem.org\/wp-content\/uploads\/2017\/09\/Escudo-TIMMINs.png?fit=440%2C334&amp;ssl=1\" data-orig-size=\"440,334\" data-comments-opened=\"1\" data-image-meta=\"{&quot;aperture&quot;:&quot;0&quot;,&quot;credit&quot;:&quot;&quot;,&quot;camera&quot;:&quot;&quot;,&quot;caption&quot;:&quot;&quot;,&quot;created_timestamp&quot;:&quot;0&quot;,&quot;copyright&quot;:&quot;&quot;,&quot;focal_length&quot;:&quot;0&quot;,&quot;iso&quot;:&quot;0&quot;,&quot;shutter_speed&quot;:&quot;0&quot;,&quot;title&quot;:&quot;&quot;,&quot;orientation&quot;:&quot;0&quot;}\" data-image-title=\"Escudo TIMMINs\" data-image-description=\"\" data-image-caption=\"\" data-medium-file=\"https:\/\/i0.wp.com\/pmi-del.cebem.org\/wp-content\/uploads\/2017\/09\/Escudo-TIMMINs.png?fit=300%2C228&amp;ssl=1\" data-large-file=\"https:\/\/i0.wp.com\/pmi-del.cebem.org\/wp-content\/uploads\/2017\/09\/Escudo-TIMMINs.png?fit=440%2C334&amp;ssl=1\" loading=\"lazy\" class=\"size-medium wp-image-406 alignleft\" src=\"https:\/\/i0.wp.com\/pmi-del.cebem.org\/wp-content\/uploads\/2017\/09\/Escudo-TIMMINs.png?resize=300%2C228&#038;ssl=1\" alt=\"\" width=\"300\" height=\"228\" srcset=\"https:\/\/i0.wp.com\/pmi-del.cebem.org\/wp-content\/uploads\/2017\/09\/Escudo-TIMMINs.png?resize=300%2C228&amp;ssl=1 300w, https:\/\/i0.wp.com\/pmi-del.cebem.org\/wp-content\/uploads\/2017\/09\/Escudo-TIMMINs.png?w=440&amp;ssl=1 440w\" sizes=\"(max-width: 300px) 100vw, 300px\" data-recalc-dims=\"1\" \/><\/p>\n<p><a href=\"http:\/\/www.timmins.ca\/\"><strong>El municipio de Timmins<\/strong><\/a><\/p>\n<p>El partener del GL de Vinto es el GL de Timmins, una ciudad en el nororeste de Ontario, Canad\u00e1 en el r\u00edo Mattagami. En el 2006, Timmins ten\u00eda una poblaci\u00f3n de 42,997.\u00a0Su poblaci\u00f3n es de<strong>\u00a0<\/strong>41.788 habitantes (2016) y el tiempo de 18 \u00b0C, viento NO a 13 km\/h, 80\u00a0% de humedad.<\/p>\n<p>En la actualidad la ciudad de Timmins posee proyectos claves en desarrollo econ\u00f3mico, como son: Un plus al inicio de una empresa o negocio, Microcr\u00e9ditos para estudiantes durante el verano, pruebas de clima frio, biomasa, un portal de inmigraci\u00f3n, Bolsa Virtual de Trabajo, agricultura, pel\u00edculas y un centro de servicios para personas desamparadas.<\/p>\n<p><img loading=\"lazy\" class=\"alignleft\" src=\"https:\/\/i0.wp.com\/www.truro.ca\/images\/Truro-Logo.png?resize=258%2C79&#038;ssl=1\" alt=\"Town of Truro\" width=\"258\" height=\"79\" data-recalc-dims=\"1\" \/><\/p>\n<p><a href=\"https:\/\/www.truro.ca\"><strong>La Ciudad de Truro<\/strong><\/a>\u00a0se encuentra ubicada en el centro de Nueva Escocia en la parte este de la Bah\u00eda de Fundy. Se la conoce como el \u201cCentro de Nueva Escocia\u201d debido a su ubicaci\u00f3n central dentro de la red ferroviaria de la provincia. Tiene un centro urbano con 12,000 habitantes y brinda servicios al Condado de Colchester con m\u00e1s de 46.000 habitantes. Truro es una comunidad en crecimiento con una econom\u00eda diversa, la cual incluye manufactura, transporte, servicios agropecuarios, servicios profesionales y ventas al por menor y, goza de una comunidad cultural y art\u00edstica floreciente. Truro reconoci\u00f3 que el cambio llega y llegar\u00e1 y ellos han aprovechado y sacado ventaja de esta oportunidad, seg\u00fan lo sugiere su marca ciudad: \u201cHacer la Conexi\u00f3n\u201d.<\/p>\n<p>A trav\u00e9s del PMI-DEL, la Ciudad de Truro, Nueva Escocia inicio un partenariado con el Municipio de Cabezas, Departamento de Santa Cruz en Bolivia para ayudar a dise\u00f1ar e implementar estrategias e iniciativas que se enfoquen en generar crecimiento. La creaci\u00f3n de oportunidades de empleo digno para todos los segmentos de la sociedad boliviana es una prioridad para tener una distribuci\u00f3n m\u00e1s equitativa de la prosperidad resultante de los beneficios gananciales y no gananciales. El partenariado va contribuir a que el gobierno municipal de Cabezas se enfoque en las necesidades espec\u00edficas de los grupos m\u00e1s vulnerables (incluyendo mujeres y j\u00f3venes que trabajan dentro de la econom\u00eda informal) y fomentar su participaci\u00f3n e involucramiento en la toma de decisiones local, en la tem\u00e1tica de empleo, as\u00ed como en oportunidades econ\u00f3micas, sociales y de emprendimientos.<\/p>\n<p>Truro puede aplicar las lecciones aprendidas durante el programa PMDE en partenariado con el Municipio de Cabezas, Bolivia. Truro trabajo conjuntamente con la Facultad de Agricultura de la Universidad de Dalhousie y con el Campus de Truro del Instituto Superior de Nueva Escocia para apoyar las sesiones de capacitaci\u00f3n y formaci\u00f3n. Asimismo, Truro tambi\u00e9n realiz\u00f3 las conexiones con los bolivianos-canadienses que viven en la regi\u00f3n para que participen cuando los delegados bolivianos visitaron Canad\u00e1.<\/p>\n<p>&nbsp;<\/p>\n","protected":false},"excerpt":{"rendered":"<p>Los municipios partners en Canad\u00e1\u00a0son Timmins y Truro &nbsp; El municipio de Timmins El partener del GL de Vinto es el GL de Timmins, una ciudad en el nororeste de Ontario, Canad\u00e1 en el r\u00edo Mattagami. En el 2006, Timmins ten\u00eda una poblaci\u00f3n de 42,997.\u00a0Su poblaci\u00f3n es de\u00a041.788 habitantes (2016) y el tiempo de 18 [&hellip;]<\/p>\n","protected":false},"author":2,"featured_media":0,"parent":17,"menu_order":0,"comment_status":"closed","ping_status":"closed","template":"","meta":[],"jetpack_sharing_enabled":true,"jetpack_shortlink":"https:\/\/wp.me\/P9d00R-1U","_links":{"self":[{"href":"https:\/\/pmi-del.cebem.org\/index.php?rest_route=\/wp\/v2\/pages\/118"}],"collection":[{"href":"https:\/\/pmi-del.cebem.org\/index.php?rest_route=\/wp\/v2\/pages"}],"about":[{"href":"https:\/\/pmi-del.cebem.org\/index.php?rest_route=\/wp\/v2\/types\/page"}],"author":[{"embeddable":true,"href":"https:\/\/pmi-del.cebem.org\/index.php?rest_route=\/wp\/v2\/users\/2"}],"replies":[{"embeddable":true,"href":"https:\/\/pmi-del.cebem.org\/index.php?rest_route=%2Fwp%2Fv2%2Fcomments&post=118"}],"version-history":[{"count":14,"href":"https:\/\/pmi-del.cebem.org\/index.php?rest_route=\/wp\/v2\/pages\/118\/revisions"}],"predecessor-version":[{"id":1563,"href":"https:\/\/pmi-del.cebem.org\/index.php?rest_route=\/wp\/v2\/pages\/118\/revisions\/1563"}],"up":[{"embeddable":true,"href":"https:\/\/pmi-del.cebem.org\/index.php?rest_route=\/wp\/v2\/pages\/17"}],"wp:attachment":[{"href":"https:\/\/pmi-del.cebem.org\/index.php?rest_route=%2Fwp%2Fv2%2Fmedia&parent=118"}],"curies":[{"name":"wp","href":"https:\/\/api.w.org\/{rel}","templated":true}]}}